{"id":39818,"date":"2026-03-20T11:11:56","date_gmt":"2026-03-20T15:11:56","guid":{"rendered":"https:\/\/dundeetechnologies.agencearobas.ca\/?page_id=39818"},"modified":"2026-04-09T09:55:13","modified_gmt":"2026-04-09T13:55:13","slug":"politique-de-confidentialite","status":"publish","type":"page","link":"https:\/\/dundeetechnologies.com\/fr\/politique-de-confidentialite\/","title":{"rendered":"Politique de confidentialit\u00e9"},"content":{"rendered":"<p style=\"text-align: justify;\">\n<span style=\"font-size:20px;\">Dundee Technologies Durables Inc. (ci-apr\u00e8s \u00ab DTD \u00bb) prend toutes les pr\u00e9cautions n\u00e9cessaires pour assurer la confidentialit\u00e9 des renseignements personnels et agit en conformit\u00e9 avec la <a href=\"https:\/\/www.canlii.org\/fr\/qc\/legis\/loisa\/lq-2021-c-25\/derniere\/lq-2021-c-25.html\" target=\"_blank\">Loi modernisant des dispositions l\u00e9gislatives en mati\u00e8re de protection des renseignements personnels<\/a> (ci-apr\u00e8s \u00ab Loi 25 \u00bb).<\/span>\n<\/p>\n<p style=\"text-align: justify;\">\n<span style=\"font-size:20px;\">Cette politique de confidentialit\u00e9 vise donc \u00e0 vous informer des pratiques adopt\u00e9es \u00e0 l\u2019\u00e9gard des renseignements personnels ou confidentiels qui vous concernent.<\/span>\n<\/p>\n<h2><span style=\"font-size:24px;\">Donn\u00e9es \u00e9chang\u00e9es automatiquement<\/span><\/h2>\n<p style=\"text-align: justify;\">\n<span style=\"font-size:20px;\">Lorsque vous acc\u00e9dez \u00e0 ce site, votre ordinateur et notre serveur \u00e9changent automatiquement des donn\u00e9es sans que vous ayez \u00e0 intervenir. Cet \u00e9change est n\u00e9cessaire pour que le serveur vous transmette un fichier compatible avec l\u2019\u00e9quipement informatique que vous utilisez. Les donn\u00e9es \u00e9chang\u00e9es sont les suivantes :<\/span>\n<\/p>\n<ul>\n<li style=\"text-align: justify;\"><span style=\"font-size:20px;\">Le nom de domaine Internet;<\/span><\/li>\n<li style=\"text-align: justify;\"><span style=\"font-size:20px;\">votre adresse IP (adresse num\u00e9rique qui permet de localiser de fa\u00e7on pr\u00e9cise un ordinateur connect\u00e9 au r\u00e9seau Internet);<\/span><\/li>\n<li style=\"text-align: justify;\"><span style=\"font-size:20px;\">le type de navigateur (par exemple : Firefox, Explorer) et de syst\u00e8me d\u2019exploitation (par exemple : Windows, Mac OS) que vous utilisez;<\/span><\/li>\n<li style=\"text-align: justify;\"><span style=\"font-size:20px;\">les pages que vous visitez;<\/span><\/li>\n<li style=\"text-align: justify;\"><span style=\"font-size:20px;\">la date et l\u2019heure auxquelles vous acc\u00e9dez \u00e0 ces pages;<\/span><\/li>\n<li style=\"text-align: justify;\"><span style=\"font-size:20px;\">l\u2019adresse du site r\u00e9f\u00e9rent, si vous acc\u00e9dez \u00e0 ce site \u00e0 partir d\u2019un autre site Web.<\/span><\/li>\n<\/ul>\n<p style=\"text-align: justify;\">\n<span style=\"font-size:20px;\">Ces informations transmises automatiquement ne permettent pas de conna\u00eetre votre identit\u00e9.<\/span>\n<\/p>\n<h2><span style=\"font-size:24px;\">Donn\u00e9es utilis\u00e9es \u00e0 des fins technologiques et statistiques<\/span><\/h2>\n<p style=\"text-align: justify;\">\n<span style=\"font-size:20px;\">DTD peut utiliser Google Analytics pour aider \u00e0 comprendre l\u2019utilisation du Site Web.<\/span>\n<\/p>\n<p style=\"text-align: justify;\">\n<span style=\"font-size:20px;\">Google Analytics collectent les informations envoy\u00e9es par votre navigateur dans le cadre d\u2019une demande de page Web, y compris les cookies et votre adresse IP (qui est anonymis\u00e9e afin d\u2019assurer la confidentialit\u00e9).<\/span>\n<\/p>\n<p style=\"text-align: justify;\">\n<span style=\"font-size:20px;\">Google Analytics re\u00e7oivent \u00e9galement cette information et leur utilisation de celle-ci sont r\u00e9gies par leurs politiques de confidentialit\u00e9.<\/span>\n<\/p>\n<p style=\"text-align: justify;\">\n<span style=\"font-size:20px;\">Si vous le d\u00e9sirez, vous pouvez emp\u00eacher l\u2019enregistrement par Google des renseignements relatifs \u00e0 votre navigation en installant sur votre ordinateur le <a href=\"https:\/\/tools.google.com\/dlpage\/gaoptout?hl=fr\" target=\"_blank\">module compl\u00e9mentaire de navigateur pour la d\u00e9sactivation de Google Analytics<\/a>.<\/span>\n<\/p>\n<h2 style=\"text-align: justify;\"><span style=\"font-size:24px;\">Barre de consentement &#8211; Cookies<\/span><\/h2>\n<p style=\"text-align: justify;\">\n<span style=\"font-size:20px;\">Nous utilisons des cookies pour vous aider \u00e0 naviguer efficacement et \u00e0 ex\u00e9cuter certaines fonctionnalit\u00e9s. Les cookies qui sont cat\u00e9goris\u00e9s comme \u00ab n\u00e9cessaires \u00bb sont stock\u00e9s sur votre navigateur car ils sont essentiels pour permettre les fonctionnalit\u00e9s de base du site. Nous utilisons \u00e9galement des cookies tiers qui nous aident \u00e0 analyser la fa\u00e7on dont vous utilisez ce site web, \u00e0 enregistrer vos pr\u00e9f\u00e9rences et \u00e0 vous fournir le contenu et les publicit\u00e9s qui vous sont pertinents. Ces cookies ne seront stock\u00e9s dans votre navigateur qu&rsquo;avec votre consentement pr\u00e9alable.<\/span>\n<\/p>\n<p style=\"text-align: justify;\">\n<span style=\"font-size:20px;\">Vous pouvez choisir d&rsquo;activer ou de d\u00e9sactiver tout ou partie de ces cookies, mais la d\u00e9sactivation de certains d&rsquo;entre eux peut affecter votre exp\u00e9rience de navigation.<\/span>\n<\/p>\n<h2><span style=\"font-size:24px;\">Interactions avec DTD<\/span><\/h2>\n<p style=\"text-align: justify;\">\n<span style=\"font-size:20px;\">Vous pouvez communiquer avec DTD en utilisant diff\u00e9rents outils s\u00e9curitaires, dont les services t\u00e9l\u00e9phoniques et en ligne.<\/span>\n<\/p>\n<p style=\"text-align: justify;\">\n<span style=\"font-size:20px;\">La transmission de renseignements par courrier \u00e9lectronique n\u2019est pas totalement s\u00e9curis\u00e9e. C\u2019est pourquoi nous vous d\u00e9conseillons de divulguer par courriel des renseignements personnels, comme votre num\u00e9ro d\u2019assurance sociale.<\/span>\n<\/p>\n<h2><span style=\"font-size:24px;\">Droit \u00e0 la portabilit\u00e9<\/span><\/h2>\n<p style=\"text-align: justify;\">\n<span style=\"font-size:20px;\">Tout individu&nbsp;a&nbsp;le droit de recevoir les renseignements personnels qui ont \u00e9t\u00e9 recueillis \u00e9lectroniquement \u00e0 leur sujet dans un format technologique structur\u00e9 et couramment utilis\u00e9. Le droit \u00e0 la portabilit\u00e9 se limite uniquement aux renseignements personnels recueillis directement aupr\u00e8s d\u2019un individu et ne concerne pas les renseignements qui pourraient en avoir \u00e9t\u00e9 cr\u00e9\u00e9s ou inf\u00e9r\u00e9s par une&nbsp;entreprise.<\/span>\n<\/p>\n<p style=\"text-align: justify;\">\n<span style=\"font-size:20px;\">Pour exercer ce droit, vous pouvez \u00e9crire \u00e0 notre&nbsp;<span style=\"text-align: justify;\">Responsable de la protection des renseignements personnels et en faire la demande. Suite \u00e0 une r\u00e9vision de votre demande, et \u00e0 une r\u00e9ponse positive, nous regrouperons les&nbsp;renseignements personnels qui auront \u00e9t\u00e9 recueillis \u00e9lectroniquement et directement aupr\u00e8s de vous par DTD&nbsp;au sein d&rsquo;un document Excel&nbsp;qui vous sera partag\u00e9 par courriel.<\/span><\/span>\n<\/p>\n<h2><span style=\"font-size:24px;\">Changements \u00e0 notre politique de confidentialit\u00e9<\/span><\/h2>\n<p style=\"text-align: justify;\">\n<span style=\"font-size:20px;\">Si nous changeons nos politiques et proc\u00e9dures de confidentialit\u00e9, nous afficherons ces modifications sur cette page pour vous tenir au courant.<\/span>\n<\/p>\n<h2><span style=\"font-size:24px;\">Responsable de l\u2019acc\u00e8s aux documents et de la protection des renseignements personnels<\/span><\/h2>\n<p style=\"text-align: justify;\">\n<span style=\"font-size:20px;\">Pour formuler des commentaires ou une plainte au sujet du non-respect de cette politique, vous pouvez communiquer avec la personne responsable de l\u2019application de la Loi 25 de l\u2019une des fa\u00e7ons suivantes :<\/span>\n<\/p>\n<p style=\"text-align: justify;\">\n<span style=\"font-size:20px;\">Dundee Technologies Durables Inc.<br \/>\n3700, rue du Lac Noir,<br \/>\nThetford Mines (Qu\u00e9bec) G6H 1S9<\/span>\n<\/p>\n<p style=\"text-align: justify;\">\n<span style=\"font-size:20px;\">Attention : Responsable de la protection des renseignements personnels<br \/>\nCourriel : <a href=\"mailto:rprp@dundeetechnologies.com\">rprp@dundeetechnologies.com<\/a><\/span><\/p>\n","protected":false},"excerpt":{"rendered":"<p>Dundee Technologies Durables Inc. (ci-apr\u00e8s \u00ab DTD \u00bb) prend toutes les pr\u00e9cautions n\u00e9cessaires pour assurer la confidentialit\u00e9 des renseignements personnels et agit en conformit\u00e9 avec la Loi modernisant des dispositions l\u00e9gislatives en mati\u00e8re de protection des renseignements personnels (ci-apr\u00e8s \u00ab Loi 25 \u00bb). Cette politique de confidentialit\u00e9 vise donc \u00e0 vous informer des pratiques adopt\u00e9es [&hellip;]<\/p>\n","protected":false},"author":3,"featured_media":0,"parent":0,"menu_order":0,"comment_status":"closed","ping_status":"closed","template":"","meta":{"_acf_changed":false,"footnotes":""},"class_list":["post-39818","page","type-page","status-publish","hentry"],"acf":[],"_links":{"self":[{"href":"https:\/\/dundeetechnologies.com\/fr\/wp-json\/wp\/v2\/pages\/39818","targetHints":{"allow":["GET"]}}],"collection":[{"href":"https:\/\/dundeetechnologies.com\/fr\/wp-json\/wp\/v2\/pages"}],"about":[{"href":"https:\/\/dundeetechnologies.com\/fr\/wp-json\/wp\/v2\/types\/page"}],"author":[{"embeddable":true,"href":"https:\/\/dundeetechnologies.com\/fr\/wp-json\/wp\/v2\/users\/3"}],"replies":[{"embeddable":true,"href":"https:\/\/dundeetechnologies.com\/fr\/wp-json\/wp\/v2\/comments?post=39818"}],"version-history":[{"count":3,"href":"https:\/\/dundeetechnologies.com\/fr\/wp-json\/wp\/v2\/pages\/39818\/revisions"}],"predecessor-version":[{"id":40043,"href":"https:\/\/dundeetechnologies.com\/fr\/wp-json\/wp\/v2\/pages\/39818\/revisions\/40043"}],"wp:attachment":[{"href":"https:\/\/dundeetechnologies.com\/fr\/wp-json\/wp\/v2\/media?parent=39818"}],"curies":[{"name":"wp","href":"https:\/\/api.w.org\/{rel}","templated":true}]}}